{"id":14438,"date":"2025-03-14T15:11:35","date_gmt":"2025-03-14T14:11:35","guid":{"rendered":"https:\/\/kulturnifront.hr\/?page_id=14438"},"modified":"2026-03-31T16:38:31","modified_gmt":"2026-03-31T14:38:31","slug":"dokumenti","status":"publish","type":"page","link":"https:\/\/kulturnifront.hr\/en\/dokumenti\/","title":{"rendered":"Documents"},"content":{"rendered":"<div data-elementor-type=\"wp-page\" data-elementor-id=\"14438\" class=\"elementor elementor-14438\" data-elementor-post-type=\"page\">\n\t\t\t\t<div class=\"elementor-element elementor-element-c0ae39c elementor-hidden-mobile e-flex e-con-boxed e-con e-parent\" data-id=\"c0ae39c\" data-element_type=\"container\" data-settings=\"{&quot;background_background&quot;:&quot;slideshow&quot;,&quot;background_slideshow_gallery&quot;:[{&quot;id&quot;:16082,&quot;url&quot;:&quot;https:\\\/\\\/kulturnifront.hr\\\/wp-content\\\/uploads\\\/2025\\\/03\\\/Header-ostale-stranice-DOKUMENTI-1.jpg&quot;}],&quot;background_slideshow_loop&quot;:&quot;yes&quot;,&quot;background_slideshow_slide_duration&quot;:5000,&quot;background_slideshow_slide_transition&quot;:&quot;fade&quot;,&quot;background_slideshow_transition_duration&quot;:500}\">\n\t\t\t\t\t<div class=\"e-con-inner\">\n\t\t\t\t<div class=\"elementor-element elementor-element-fab3f35 elementor-widget__width-initial elementor-widget elementor-widget-text-editor\" data-id=\"fab3f35\" data-element_type=\"widget\" data-widget_type=\"text-editor.default\">\n\t\t\t\t<div class=\"elementor-widget-container\">\n\t\t\t\t\t\t\t\t\t<span style=\"font-weight: 800; font-size: 61px; font-style: italic;\">Documents<\/span>\t\t\t\t\t\t\t\t<\/div>\n\t\t\t\t<\/div>\n\t\t\t\t\t<\/div>\n\t\t\t\t<\/div>\n\t\t<div class=\"elementor-element elementor-element-f80f763 elementor-hidden-desktop elementor-hidden-tablet e-flex e-con-boxed e-con e-parent\" data-id=\"f80f763\" data-element_type=\"container\" data-settings=\"{&quot;background_background&quot;:&quot;classic&quot;}\">\n\t\t\t\t\t<div class=\"e-con-inner\">\n\t\t<div class=\"elementor-element elementor-element-35340c4 e-con-full e-flex e-con e-child\" data-id=\"35340c4\" data-element_type=\"container\">\n\t\t<div class=\"elementor-element elementor-element-5121e73 e-con-full e-flex e-con e-child\" data-id=\"5121e73\" data-element_type=\"container\">\n\t\t\t\t<div class=\"elementor-element elementor-element-5a7dca7 elementor-widget elementor-widget-text-editor\" data-id=\"5a7dca7\" data-element_type=\"widget\" data-widget_type=\"text-editor.default\">\n\t\t\t\t<div class=\"elementor-widget-container\">\n\t\t\t\t\t\t\t\t\t<p><span style=\"font-weight: 800; font-size: 37px; font-style: italic;\">Documents <\/span><\/p>\t\t\t\t\t\t\t\t<\/div>\n\t\t\t\t<\/div>\n\t\t\t\t<\/div>\n\t\t\t\t<\/div>\n\t\t\t\t\t<\/div>\n\t\t\t\t<\/div>\n\t\t<div class=\"elementor-element elementor-element-7a0ed4a e-flex e-con-boxed e-con e-parent\" data-id=\"7a0ed4a\" data-element_type=\"container\" data-settings=\"{&quot;background_background&quot;:&quot;classic&quot;,&quot;animation&quot;:&quot;none&quot;}\">\n\t\t\t\t\t<div class=\"e-con-inner\">\n\t\t\t\t<div class=\"elementor-element elementor-element-463c269 elementor-widget__width-initial elementor-widget elementor-widget-text-editor\" data-id=\"463c269\" data-element_type=\"widget\" data-widget_type=\"text-editor.default\">\n\t\t\t\t<div class=\"elementor-widget-container\">\n\t\t\t\t\t\t\t\t\t<p>Below you can download documents related to the work of the Association: annual reports, work plans and more.<\/p>\t\t\t\t\t\t\t\t<\/div>\n\t\t\t\t<\/div>\n\t\t\t\t\t<\/div>\n\t\t\t\t<\/div>\n\t\t<div class=\"elementor-element elementor-element-6c1f683 e-flex e-con-boxed e-con e-parent\" data-id=\"6c1f683\" data-element_type=\"container\">\n\t\t\t\t\t<div class=\"e-con-inner\">\n\t\t\t\t<div class=\"elementor-element elementor-element-d2712f4 elementor-widget elementor-widget-heading\" data-id=\"d2712f4\" data-element_type=\"widget\" data-widget_type=\"heading.default\">\n\t\t\t\t<div class=\"elementor-widget-container\">\n\t\t\t\t\t<h3 class=\"elementor-heading-title elementor-size-default\">Statute of the Cultural Front Association<\/h3>\t\t\t\t<\/div>\n\t\t\t\t<\/div>\n\t\t\t\t<div class=\"elementor-element elementor-element-ea42243 elementor-widget elementor-widget-text-editor\" data-id=\"ea42243\" data-element_type=\"widget\" data-widget_type=\"text-editor.default\">\n\t\t\t\t<div class=\"elementor-widget-container\">\n\t\t\t\t\t\t\t\t\t<p><a href=\"https:\/\/kulturnifront.hr\/wp-content\/uploads\/2025\/03\/00-Statut-2025.pdf\">Statute of the Cultural Front Association<\/a><\/p>\t\t\t\t\t\t\t\t<\/div>\n\t\t\t\t<\/div>\n\t\t\t\t<div class=\"elementor-element elementor-element-5c7d4a7 elementor-hidden-desktop elementor-hidden-tablet elementor-hidden-mobile elementor-widget elementor-widget-text-editor\" data-id=\"5c7d4a7\" data-element_type=\"widget\" data-widget_type=\"text-editor.default\">\n\t\t\t\t<div class=\"elementor-widget-container\">\n\t\t\t\t\t\t\t\t\t<p><a href=\"#\">Amendments to the Statutes <\/a><a href=\"#\">(Soon available)<\/a><a href=\"#\"><br \/><\/a><\/p>\t\t\t\t\t\t\t\t<\/div>\n\t\t\t\t<\/div>\n\t\t\t\t\t<\/div>\n\t\t\t\t<\/div>\n\t\t<div class=\"elementor-element elementor-element-e8cee4f e-flex e-con-boxed e-con e-parent\" data-id=\"e8cee4f\" data-element_type=\"container\">\n\t\t\t\t\t<div class=\"e-con-inner\">\n\t\t\t\t<div class=\"elementor-element elementor-element-55624ee elementor-widget elementor-widget-heading\" data-id=\"55624ee\" data-element_type=\"widget\" data-widget_type=\"heading.default\">\n\t\t\t\t<div class=\"elementor-widget-container\">\n\t\t\t\t\t<h3 class=\"elementor-heading-title elementor-size-default\">Annual reports, activity reports, operational plans<\/h3>\t\t\t\t<\/div>\n\t\t\t\t<\/div>\n\t\t\t\t<div class=\"elementor-element elementor-element-cb993ae elementor-widget elementor-widget-text-editor\" data-id=\"cb993ae\" data-element_type=\"widget\" data-widget_type=\"text-editor.default\">\n\t\t\t\t<div class=\"elementor-widget-container\">\n\t\t\t\t\t\t\t\t\t<p><a href=\"https:\/\/kulturnifront.hr\/wp-content\/uploads\/2026\/03\/Godisnji-izvjestaj-o-radu-za-2025.-godinu.pdf\">\u27a4\u00a0 Godi\u0161nji izvje\u0161taj za 2025. godinu<\/a><\/p><p><a href=\"https:\/\/kulturnifront.hr\/wp-content\/uploads\/2025\/12\/00-Financijski-plan-2026.pdf\">\u27a4\u00a0 Financijski plan za 2026. godinu<\/a><\/p><p><a href=\"https:\/\/kulturnifront.hr\/wp-content\/uploads\/2025\/12\/00-Plan-rada-za-2026.pdf\">\u27a4\u00a0 Plan rada za 2026. godinu<\/a><\/p><p><a href=\"https:\/\/kulturnifront.hr\/wp-content\/uploads\/2025\/03\/Financijski-plan-2025.pdf\">\u27a4 Financial plan for 2025<\/a><\/p><p><a href=\"https:\/\/kulturnifront.hr\/wp-content\/uploads\/2025\/03\/Plan-rada-za-2025.pdf\">\u27a4 Work Plan for 2025<\/a><\/p><p><a href=\"https:\/\/kulturnifront.hr\/wp-content\/uploads\/2025\/03\/Izvjestaj-o-radu-2024.pdf\">\u27a4 Activity Report \u2013 2024<\/a><\/p><p><a href=\"http:\/\/kulturnifront.hr\/wp-content\/uploads\/2024\/03\/Operativni-plan-2024-Kulturni-front.pdf\">\u27a4 Operational Plan 2024<\/a><\/p><p><a href=\"http:\/\/kulturnifront.hr\/wp-content\/uploads\/2024\/03\/Godi%C5%A1nji-izvje%C5%A1taj-za-2023.-godinu.pdf\">\u27a4 Annual Report for 2023<\/a><\/p><p><a href=\"http:\/\/kulturnifront.hr\/wp-content\/uploads\/2023\/03\/Operativni-plan-2023-Kulturni-front.pdf\">\u27a4 Operational Plan 2023<\/a><\/p><p><a href=\"http:\/\/kulturnifront.hr\/wp-content\/uploads\/2023\/03\/Godi%C5%A1nji-izvje%C5%A1taj-za-2022.-godinu.pdf\">\u27a4 Annual Report for 2022<\/a><\/p><p><a href=\"http:\/\/kulturnifront.hr\/wp-content\/uploads\/2022\/02\/Operativni-plan-2022-Kulturni-front.pdf\">\u27a4 Operating Plan 2022<\/a><\/p><p><a href=\"http:\/\/kulturnifront.hr\/wp-content\/uploads\/2022\/02\/Izvje%C5%A1taj-o-radu-2021.-godina.pdf\">\u27a4 Activity Report \u2013 2021<\/a><\/p><p><a href=\"http:\/\/kulturnifront.hr\/wp-content\/uploads\/2022\/02\/Izvje%C5%A1taj-o-radu-2020.-godina.pdf\">\u27a4 Activity Report \u2013 2020<\/a><\/p><p><a href=\"http:\/\/kulturnifront.hr\/wp-content\/uploads\/2022\/02\/Izvje%C5%A1taj-o-radu-2019.-godina.pdf\">\u27a4 Activity Report - 2019<\/a><\/p><p><a href=\"http:\/\/kulturnifront.hr\/wp-content\/uploads\/2019\/09\/Godi%C5%A1nji-izvje%C5%A1taj-za-2018.-godinu.pdf\">\u27a4 Annual Report for 2018<\/a><\/p>\t\t\t\t\t\t\t\t<\/div>\n\t\t\t\t<\/div>\n\t\t\t\t\t<\/div>\n\t\t\t\t<\/div>\n\t\t\t\t<\/div>","protected":false},"excerpt":{"rendered":"<p>Dokumenti Dokumenti U nastavku mo\u017eete preuzeti dokumente vezane za rad Udruge: godi\u0161nje izvje\u0161taje, planove rada i ostalo. Statut udruge Kulturni front Statut udruge Kulturni front Izmjene i dopune Statuta (uskoro dostupno) Godi\u0161nji izvje\u0161taji, izvje\u0161taji o radu, operativni planovi \u27a4\u00a0 Godi\u0161nji izvje\u0161taj za 2025. godinu \u27a4\u00a0 Financijski plan za 2026. godinu \u27a4\u00a0 Plan rada za 2026. [&hellip;]<\/p>","protected":false},"author":1,"featured_media":0,"parent":0,"menu_order":0,"comment_status":"closed","ping_status":"closed","template":"elementor_header_footer","meta":{"footnotes":""},"class_list":["post-14438","page","type-page","status-publish","hentry"],"_links":{"self":[{"href":"https:\/\/kulturnifront.hr\/en\/wp-json\/wp\/v2\/pages\/14438","targetHints":{"allow":["GET"]}}],"collection":[{"href":"https:\/\/kulturnifront.hr\/en\/wp-json\/wp\/v2\/pages"}],"about":[{"href":"https:\/\/kulturnifront.hr\/en\/wp-json\/wp\/v2\/types\/page"}],"author":[{"embeddable":true,"href":"https:\/\/kulturnifront.hr\/en\/wp-json\/wp\/v2\/users\/1"}],"replies":[{"embeddable":true,"href":"https:\/\/kulturnifront.hr\/en\/wp-json\/wp\/v2\/comments?post=14438"}],"version-history":[{"count":47,"href":"https:\/\/kulturnifront.hr\/en\/wp-json\/wp\/v2\/pages\/14438\/revisions"}],"predecessor-version":[{"id":18718,"href":"https:\/\/kulturnifront.hr\/en\/wp-json\/wp\/v2\/pages\/14438\/revisions\/18718"}],"wp:attachment":[{"href":"https:\/\/kulturnifront.hr\/en\/wp-json\/wp\/v2\/media?parent=14438"}],"curies":[{"name":"wp","href":"https:\/\/api.w.org\/{rel}","templated":true}]}}