{"id":16226,"date":"2025-03-21T09:40:10","date_gmt":"2025-03-21T08:40:10","guid":{"rendered":"https:\/\/kulturnifront.hr\/?page_id=16226"},"modified":"2025-09-19T06:47:00","modified_gmt":"2025-09-19T04:47:00","slug":"medunarodni-dan-vila","status":"publish","type":"page","link":"https:\/\/kulturnifront.hr\/en\/medunarodni-dan-vila\/","title":{"rendered":"International Fairy Day"},"content":{"rendered":"<div data-elementor-type=\"wp-page\" data-elementor-id=\"16226\" class=\"elementor elementor-16226\" data-elementor-post-type=\"page\">\n\t\t\t\t<div class=\"elementor-element elementor-element-511060d elementor-hidden-mobile e-flex e-con-boxed e-con e-parent\" data-id=\"511060d\" data-element_type=\"container\" data-settings=\"{&quot;background_background&quot;:&quot;slideshow&quot;,&quot;background_slideshow_gallery&quot;:[{&quot;id&quot;:16247,&quot;url&quot;:&quot;https:\\\/\\\/kulturnifront.hr\\\/wp-content\\\/uploads\\\/2025\\\/03\\\/Header-ostale-stranice-PROJEKTI-Dan-Vila-1.jpg&quot;}],&quot;background_slideshow_loop&quot;:&quot;yes&quot;,&quot;background_slideshow_slide_duration&quot;:5000,&quot;background_slideshow_slide_transition&quot;:&quot;fade&quot;,&quot;background_slideshow_transition_duration&quot;:500}\">\n\t\t\t\t\t<div class=\"e-con-inner\">\n\t\t<div class=\"elementor-element elementor-element-b7f858f e-con-full e-flex e-con e-child\" data-id=\"b7f858f\" data-element_type=\"container\">\n\t\t\t\t<div class=\"elementor-element elementor-element-70d5932 elementor-widget__width-initial elementor-widget elementor-widget-heading\" data-id=\"70d5932\" data-element_type=\"widget\" data-widget_type=\"heading.default\">\n\t\t\t\t<div class=\"elementor-widget-container\">\n\t\t\t\t\t<h2 class=\"elementor-heading-title elementor-size-default\"><a href=\"https:\/\/kulturnifront.hr\/en\/projekti\/\">\u25c0 \u2047  Back to all projects<\/a><\/h2>\t\t\t\t<\/div>\n\t\t\t\t<\/div>\n\t\t\t\t<div class=\"elementor-element elementor-element-8724068 elementor-widget__width-initial elementor-widget elementor-widget-text-editor\" data-id=\"8724068\" data-element_type=\"widget\" data-widget_type=\"text-editor.default\">\n\t\t\t\t<div class=\"elementor-widget-container\">\n\t\t\t\t\t\t\t\t\t<p>International Fairy Day<\/p>\t\t\t\t\t\t\t\t<\/div>\n\t\t\t\t<\/div>\n\t\t\t\t<\/div>\n\t\t\t\t\t<\/div>\n\t\t\t\t<\/div>\n\t\t<div class=\"elementor-element elementor-element-621b141 elementor-hidden-desktop elementor-hidden-tablet e-flex e-con-boxed e-con e-parent\" data-id=\"621b141\" data-element_type=\"container\" data-settings=\"{&quot;background_background&quot;:&quot;classic&quot;}\">\n\t\t\t\t\t<div class=\"e-con-inner\">\n\t\t<div class=\"elementor-element elementor-element-75c9334 e-con-full e-flex e-con e-child\" data-id=\"75c9334\" data-element_type=\"container\">\n\t\t<div class=\"elementor-element elementor-element-c1290ba e-con-full e-flex e-con e-child\" data-id=\"c1290ba\" data-element_type=\"container\">\n\t\t\t\t<div class=\"elementor-element elementor-element-df8630d elementor-widget elementor-widget-heading\" data-id=\"df8630d\" data-element_type=\"widget\" data-widget_type=\"heading.default\">\n\t\t\t\t<div class=\"elementor-widget-container\">\n\t\t\t\t\t<h2 class=\"elementor-heading-title elementor-size-default\"><a href=\"https:\/\/kulturnifront.hr\/en\/projekti\/\">\u25c0 \u2047  Back to all projects<\/a><\/h2>\t\t\t\t<\/div>\n\t\t\t\t<\/div>\n\t\t\t\t<div class=\"elementor-element elementor-element-5c43bb9 elementor-widget elementor-widget-text-editor\" data-id=\"5c43bb9\" data-element_type=\"widget\" data-widget_type=\"text-editor.default\">\n\t\t\t\t<div class=\"elementor-widget-container\">\n\t\t\t\t\t\t\t\t\t<p>International Fairy Day<\/p>\t\t\t\t\t\t\t\t<\/div>\n\t\t\t\t<\/div>\n\t\t\t\t<\/div>\n\t\t\t\t<\/div>\n\t\t\t\t\t<\/div>\n\t\t\t\t<\/div>\n\t\t<div class=\"elementor-element elementor-element-99e4bf4 e-flex e-con-boxed e-con e-parent\" data-id=\"99e4bf4\" data-element_type=\"container\">\n\t\t\t\t\t<div class=\"e-con-inner\">\n\t\t<div class=\"elementor-element elementor-element-ff2b8c6 e-con-full e-flex e-con e-child\" data-id=\"ff2b8c6\" data-element_type=\"container\">\n\t\t\t\t<div class=\"elementor-element elementor-element-02f3d0c elementor-widget elementor-widget-image\" data-id=\"02f3d0c\" data-element_type=\"widget\" data-widget_type=\"image.default\">\n\t\t\t\t<div class=\"elementor-widget-container\">\n\t\t\t\t\t\t\t\t\t\t\t\t\t\t\t<img fetchpriority=\"high\" decoding=\"async\" width=\"960\" height=\"678\" src=\"https:\/\/kulturnifront.hr\/wp-content\/uploads\/2015\/01\/vile.jpg\" class=\"attachment-full size-full wp-image-14\" alt=\"\" srcset=\"https:\/\/kulturnifront.hr\/wp-content\/uploads\/2015\/01\/vile.jpg 960w, https:\/\/kulturnifront.hr\/wp-content\/uploads\/2015\/01\/vile-300x212.jpg 300w, https:\/\/kulturnifront.hr\/wp-content\/uploads\/2015\/01\/vile-768x542.jpg 768w\" sizes=\"(max-width: 960px) 100vw, 960px\" \/>\t\t\t\t\t\t\t\t\t\t\t\t\t\t\t<\/div>\n\t\t\t\t<\/div>\n\t\t\t\t<\/div>\n\t\t<div class=\"elementor-element elementor-element-029663f e-con-full e-flex e-con e-child\" data-id=\"029663f\" data-element_type=\"container\">\n\t\t\t\t<div class=\"elementor-element elementor-element-afa26f5 elementor-widget elementor-widget-text-editor\" data-id=\"afa26f5\" data-element_type=\"widget\" data-widget_type=\"text-editor.default\">\n\t\t\t\t<div class=\"elementor-widget-container\">\n\t\t\t\t\t\t\t\t\t<p>Legends say that on June 24, the border between the two worlds is the thinnest and the villas pass from their world to ours. This inspired the celebration of the International Fairy Day with the aim of creating a fairytale environment for the youngest and for children to step into a magical world where fairies dwell and eternal childhood reign.\u00a0<\/p>\t\t\t\t\t\t\t\t<\/div>\n\t\t\t\t<\/div>\n\t\t\t\t<\/div>\n\t\t\t\t\t<\/div>\n\t\t\t\t<\/div>\n\t\t<div class=\"elementor-element elementor-element-4f7772b e-flex e-con-boxed e-con e-parent\" data-id=\"4f7772b\" data-element_type=\"container\">\n\t\t\t\t\t<div class=\"e-con-inner\">\n\t\t<div class=\"elementor-element elementor-element-bac1c29 e-con-full e-flex e-con e-child\" data-id=\"bac1c29\" data-element_type=\"container\">\n\t\t\t\t<div class=\"elementor-element elementor-element-9b4198d elementor-widget elementor-widget-text-editor\" data-id=\"9b4198d\" data-element_type=\"widget\" data-widget_type=\"text-editor.default\">\n\t\t\t\t<div class=\"elementor-widget-container\">\n\t\t\t\t\t\t\t\t\t<p><strong>Fairy Day<\/strong> The CF successfully conducted in 2014 and 2015 and attracted a large number of visitors from the Rijeka ring and beyond. The event was oriented towards families with preschool and early school children. This all-day event took place at various points of Angiolina Park with creative workshops, dances, treasure hunts, fairy tale storytelling gazebos, stage performances and the engagement of numerous costumed animators and storytellers...<\/p><p><strong>Dan vila vratio se 2025. godine! Odr\u017eao \u0107e se 21. lipnja u Parku Angiolina, a kako je pro\u0161lo pro\u010ditajte u <a href=\"https:\/\/kulturnifront.hr\/en\/dan-vila\/dan-vila-2025-povratak-festivala-bajki-i-djetinstva-u-park-angiolina\/\">objavi<\/a>.<\/strong><\/p>\t\t\t\t\t\t\t\t<\/div>\n\t\t\t\t<\/div>\n\t\t\t\t<div class=\"elementor-element elementor-element-7917c12 elementor-widget elementor-widget-button\" data-id=\"7917c12\" data-element_type=\"widget\" data-widget_type=\"button.default\">\n\t\t\t\t<div class=\"elementor-widget-container\">\n\t\t\t\t\t\t\t\t\t<div class=\"elementor-button-wrapper\">\n\t\t\t\t\t<a class=\"elementor-button elementor-button-link elementor-size-sm\" href=\"https:\/\/kulturnifront.hr\/en\/category\/dan-vila\/\">\n\t\t\t\t\t\t<span class=\"elementor-button-content-wrapper\">\n\t\t\t\t\t\t\t\t\t<span class=\"elementor-button-text\">VIDI SVE OBJAVE O DANU VILA<\/span>\n\t\t\t\t\t<\/span>\n\t\t\t\t\t<\/a>\n\t\t\t\t<\/div>\n\t\t\t\t\t\t\t\t<\/div>\n\t\t\t\t<\/div>\n\t\t\t\t<div class=\"elementor-element elementor-element-8d15ead elementor-widget elementor-widget-button\" data-id=\"8d15ead\" data-element_type=\"widget\" data-widget_type=\"button.default\">\n\t\t\t\t<div class=\"elementor-widget-container\">\n\t\t\t\t\t\t\t\t\t<div class=\"elementor-button-wrapper\">\n\t\t\t\t\t<a class=\"elementor-button elementor-button-link elementor-size-sm\" href=\"https:\/\/www.facebook.com\/medjunarodni.dan.vila\">\n\t\t\t\t\t\t<span class=\"elementor-button-content-wrapper\">\n\t\t\t\t\t\t\t\t\t<span class=\"elementor-button-text\">FACEBOOK PAGE OF THE PROJECT<\/span>\n\t\t\t\t\t<\/span>\n\t\t\t\t\t<\/a>\n\t\t\t\t<\/div>\n\t\t\t\t\t\t\t\t<\/div>\n\t\t\t\t<\/div>\n\t\t\t\t<\/div>\n\t\t<div class=\"elementor-element elementor-element-27a0460 e-con-full e-flex e-con e-child\" data-id=\"27a0460\" data-element_type=\"container\">\n\t\t\t\t<div class=\"elementor-element elementor-element-cc843ce elementor-widget__width-initial elementor-widget elementor-widget-image\" data-id=\"cc843ce\" data-element_type=\"widget\" data-widget_type=\"image.default\">\n\t\t\t\t<div class=\"elementor-widget-container\">\n\t\t\t\t\t\t\t\t\t\t\t\t\t\t\t<img decoding=\"async\" width=\"1024\" height=\"724\" src=\"https:\/\/kulturnifront.hr\/wp-content\/uploads\/2025\/03\/Dan-vila-2015.jpg\" class=\"attachment-full size-full wp-image-16514\" alt=\"\" srcset=\"https:\/\/kulturnifront.hr\/wp-content\/uploads\/2025\/03\/Dan-vila-2015.jpg 1024w, https:\/\/kulturnifront.hr\/wp-content\/uploads\/2025\/03\/Dan-vila-2015-300x212.jpg 300w, https:\/\/kulturnifront.hr\/wp-content\/uploads\/2025\/03\/Dan-vila-2015-768x543.jpg 768w, https:\/\/kulturnifront.hr\/wp-content\/uploads\/2025\/03\/Dan-vila-2015-18x12.jpg 18w\" sizes=\"(max-width: 1024px) 100vw, 1024px\" \/>\t\t\t\t\t\t\t\t\t\t\t\t\t\t\t<\/div>\n\t\t\t\t<\/div>\n\t\t\t\t<\/div>\n\t\t\t\t\t<\/div>\n\t\t\t\t<\/div>\n\t\t<div class=\"elementor-element elementor-element-063433e e-flex e-con-boxed e-con e-parent\" data-id=\"063433e\" data-element_type=\"container\">\n\t\t\t\t\t<div class=\"e-con-inner\">\n\t\t<div class=\"elementor-element elementor-element-c07df4c e-con-full e-flex e-con e-child\" data-id=\"c07df4c\" data-element_type=\"container\">\n\t\t\t\t<div class=\"elementor-element elementor-element-bb4e8e2 elementor-widget elementor-widget-image\" data-id=\"bb4e8e2\" data-element_type=\"widget\" data-widget_type=\"image.default\">\n\t\t\t\t<div class=\"elementor-widget-container\">\n\t\t\t\t\t\t\t\t\t\t\t\t\t\t\t<img decoding=\"async\" width=\"1300\" height=\"970\" src=\"https:\/\/kulturnifront.hr\/wp-content\/uploads\/2025\/03\/Medunarodni-Dan-vila-06.jpg\" class=\"attachment-full size-full wp-image-16516\" alt=\"\" srcset=\"https:\/\/kulturnifront.hr\/wp-content\/uploads\/2025\/03\/Medunarodni-Dan-vila-06.jpg 1300w, https:\/\/kulturnifront.hr\/wp-content\/uploads\/2025\/03\/Medunarodni-Dan-vila-06-300x224.jpg 300w, https:\/\/kulturnifront.hr\/wp-content\/uploads\/2025\/03\/Medunarodni-Dan-vila-06-1024x764.jpg 1024w, https:\/\/kulturnifront.hr\/wp-content\/uploads\/2025\/03\/Medunarodni-Dan-vila-06-768x573.jpg 768w, https:\/\/kulturnifront.hr\/wp-content\/uploads\/2025\/03\/Medunarodni-Dan-vila-06-16x12.jpg 16w\" sizes=\"(max-width: 1300px) 100vw, 1300px\" \/>\t\t\t\t\t\t\t\t\t\t\t\t\t\t\t<\/div>\n\t\t\t\t<\/div>\n\t\t\t\t<\/div>\n\t\t<div class=\"elementor-element elementor-element-46f1630 e-con-full e-flex e-con e-child\" data-id=\"46f1630\" data-element_type=\"container\">\n\t\t<div class=\"elementor-element elementor-element-0e34d31 e-con-full e-flex e-con e-child\" data-id=\"0e34d31\" data-element_type=\"container\">\n\t\t\t\t<div class=\"elementor-element elementor-element-af526cf elementor-widget elementor-widget-image\" data-id=\"af526cf\" data-element_type=\"widget\" data-widget_type=\"image.default\">\n\t\t\t\t<div class=\"elementor-widget-container\">\n\t\t\t\t\t\t\t\t\t\t\t\t\t\t\t<img loading=\"lazy\" decoding=\"async\" width=\"904\" height=\"572\" src=\"https:\/\/kulturnifront.hr\/wp-content\/uploads\/2025\/03\/Medunarodni-Dan-vila-05.jpg\" class=\"attachment-large size-large wp-image-16517\" alt=\"\" srcset=\"https:\/\/kulturnifront.hr\/wp-content\/uploads\/2025\/03\/Medunarodni-Dan-vila-05.jpg 904w, https:\/\/kulturnifront.hr\/wp-content\/uploads\/2025\/03\/Medunarodni-Dan-vila-05-300x190.jpg 300w, https:\/\/kulturnifront.hr\/wp-content\/uploads\/2025\/03\/Medunarodni-Dan-vila-05-768x486.jpg 768w, https:\/\/kulturnifront.hr\/wp-content\/uploads\/2025\/03\/Medunarodni-Dan-vila-05-18x12.jpg 18w\" sizes=\"(max-width: 904px) 100vw, 904px\" \/>\t\t\t\t\t\t\t\t\t\t\t\t\t\t\t<\/div>\n\t\t\t\t<\/div>\n\t\t\t\t<\/div>\n\t\t<div class=\"elementor-element elementor-element-322f52f e-con-full e-flex e-con e-child\" data-id=\"322f52f\" data-element_type=\"container\">\n\t\t\t\t<div class=\"elementor-element elementor-element-a079e4f elementor-widget elementor-widget-image\" data-id=\"a079e4f\" data-element_type=\"widget\" data-widget_type=\"image.default\">\n\t\t\t\t<div class=\"elementor-widget-container\">\n\t\t\t\t\t\t\t\t\t\t\t\t\t\t\t<img loading=\"lazy\" decoding=\"async\" width=\"1000\" height=\"716\" src=\"https:\/\/kulturnifront.hr\/wp-content\/uploads\/2025\/03\/Medunarodni-Dan-vila-02.jpg\" class=\"attachment-large size-large wp-image-16518\" alt=\"\" srcset=\"https:\/\/kulturnifront.hr\/wp-content\/uploads\/2025\/03\/Medunarodni-Dan-vila-02.jpg 1000w, https:\/\/kulturnifront.hr\/wp-content\/uploads\/2025\/03\/Medunarodni-Dan-vila-02-300x215.jpg 300w, https:\/\/kulturnifront.hr\/wp-content\/uploads\/2025\/03\/Medunarodni-Dan-vila-02-768x550.jpg 768w, https:\/\/kulturnifront.hr\/wp-content\/uploads\/2025\/03\/Medunarodni-Dan-vila-02-18x12.jpg 18w\" sizes=\"(max-width: 1000px) 100vw, 1000px\" \/>\t\t\t\t\t\t\t\t\t\t\t\t\t\t\t<\/div>\n\t\t\t\t<\/div>\n\t\t\t\t<\/div>\n\t\t\t\t<\/div>\n\t\t\t\t\t<\/div>\n\t\t\t\t<\/div>\n\t\t<div class=\"elementor-element elementor-element-8857fd6 e-flex e-con-boxed e-con e-parent\" data-id=\"8857fd6\" data-element_type=\"container\">\n\t\t\t\t\t<div class=\"e-con-inner\">\n\t\t<div class=\"elementor-element elementor-element-f8950d0 e-con-full e-flex e-con e-child\" data-id=\"f8950d0\" data-element_type=\"container\">\n\t\t\t\t<div class=\"elementor-element elementor-element-c203abb elementor-widget elementor-widget-image\" data-id=\"c203abb\" data-element_type=\"widget\" data-widget_type=\"image.default\">\n\t\t\t\t<div class=\"elementor-widget-container\">\n\t\t\t\t\t\t\t\t\t\t\t\t\t\t\t<img loading=\"lazy\" decoding=\"async\" width=\"583\" height=\"800\" src=\"https:\/\/kulturnifront.hr\/wp-content\/uploads\/2025\/03\/Medunarodni-Dan-vila-01.jpg\" class=\"attachment-large size-large wp-image-16520\" alt=\"\" srcset=\"https:\/\/kulturnifront.hr\/wp-content\/uploads\/2025\/03\/Medunarodni-Dan-vila-01.jpg 583w, https:\/\/kulturnifront.hr\/wp-content\/uploads\/2025\/03\/Medunarodni-Dan-vila-01-219x300.jpg 219w, https:\/\/kulturnifront.hr\/wp-content\/uploads\/2025\/03\/Medunarodni-Dan-vila-01-9x12.jpg 9w\" sizes=\"(max-width: 583px) 100vw, 583px\" \/>\t\t\t\t\t\t\t\t\t\t\t\t\t\t\t<\/div>\n\t\t\t\t<\/div>\n\t\t\t\t<\/div>\n\t\t<div class=\"elementor-element elementor-element-a97c8fb e-con-full e-flex e-con e-child\" data-id=\"a97c8fb\" data-element_type=\"container\">\n\t\t\t\t<div class=\"elementor-element elementor-element-34d976d elementor-widget elementor-widget-image\" data-id=\"34d976d\" data-element_type=\"widget\" data-widget_type=\"image.default\">\n\t\t\t\t<div class=\"elementor-widget-container\">\n\t\t\t\t\t\t\t\t\t\t\t\t\t\t\t<img loading=\"lazy\" decoding=\"async\" width=\"900\" height=\"653\" src=\"https:\/\/kulturnifront.hr\/wp-content\/uploads\/2025\/03\/Medunarodni-Dan-vila-04.jpg\" class=\"attachment-large size-large wp-image-16519\" alt=\"\" srcset=\"https:\/\/kulturnifront.hr\/wp-content\/uploads\/2025\/03\/Medunarodni-Dan-vila-04.jpg 900w, https:\/\/kulturnifront.hr\/wp-content\/uploads\/2025\/03\/Medunarodni-Dan-vila-04-300x218.jpg 300w, https:\/\/kulturnifront.hr\/wp-content\/uploads\/2025\/03\/Medunarodni-Dan-vila-04-768x557.jpg 768w, https:\/\/kulturnifront.hr\/wp-content\/uploads\/2025\/03\/Medunarodni-Dan-vila-04-18x12.jpg 18w\" sizes=\"(max-width: 900px) 100vw, 900px\" \/>\t\t\t\t\t\t\t\t\t\t\t\t\t\t\t<\/div>\n\t\t\t\t<\/div>\n\t\t\t\t<\/div>\n\t\t<div class=\"elementor-element elementor-element-ab48c9f e-con-full e-flex e-con e-child\" data-id=\"ab48c9f\" data-element_type=\"container\">\n\t\t\t\t<div class=\"elementor-element elementor-element-49f1f9f elementor-widget elementor-widget-image\" data-id=\"49f1f9f\" data-element_type=\"widget\" data-widget_type=\"image.default\">\n\t\t\t\t<div class=\"elementor-widget-container\">\n\t\t\t\t\t\t\t\t\t\t\t\t\t\t\t<img loading=\"lazy\" decoding=\"async\" width=\"712\" height=\"810\" src=\"https:\/\/kulturnifront.hr\/wp-content\/uploads\/2025\/03\/Medunarodni-Dan-vila-03.jpg\" class=\"attachment-large size-large wp-image-16521\" alt=\"\" srcset=\"https:\/\/kulturnifront.hr\/wp-content\/uploads\/2025\/03\/Medunarodni-Dan-vila-03.jpg 712w, https:\/\/kulturnifront.hr\/wp-content\/uploads\/2025\/03\/Medunarodni-Dan-vila-03-264x300.jpg 264w, https:\/\/kulturnifront.hr\/wp-content\/uploads\/2025\/03\/Medunarodni-Dan-vila-03-11x12.jpg 11w\" sizes=\"(max-width: 712px) 100vw, 712px\" \/>\t\t\t\t\t\t\t\t\t\t\t\t\t\t\t<\/div>\n\t\t\t\t<\/div>\n\t\t\t\t<\/div>\n\t\t\t\t\t<\/div>\n\t\t\t\t<\/div>\n\t\t<div class=\"elementor-element elementor-element-ae81d05 e-flex e-con-boxed e-con e-parent\" data-id=\"ae81d05\" data-element_type=\"container\">\n\t\t\t\t\t<div class=\"e-con-inner\">\n\t\t<div class=\"elementor-element elementor-element-db17871 e-con-full e-flex e-con e-child\" data-id=\"db17871\" data-element_type=\"container\">\n\t\t\t\t<div class=\"elementor-element elementor-element-141c1ec elementor-widget elementor-widget-heading\" data-id=\"141c1ec\" data-element_type=\"widget\" data-widget_type=\"heading.default\">\n\t\t\t\t<div class=\"elementor-widget-container\">\n\t\t\t\t\t<h2 class=\"elementor-heading-title elementor-size-default\"><a href=\"https:\/\/kulturnifront.hr\/en\/projekti\/\">\u25c0 \u2047  Back to all projects<\/a><\/h2>\t\t\t\t<\/div>\n\t\t\t\t<\/div>\n\t\t\t\t<\/div>\n\t\t\t\t\t<\/div>\n\t\t\t\t<\/div>\n\t\t\t\t<\/div>","protected":false},"excerpt":{"rendered":"<p>Back to all projects International Villa Day \u25c0 \u2047  Back to all projects International Villa Legends Day say that on June 24th, the border between the two worlds is the thinnest and the villas pass from their world to ours. This inspired the celebration of International Fairy Day with the aim of creating a fairytale environment for [...]<\/p>","protected":false},"author":5,"featured_media":0,"parent":0,"menu_order":0,"comment_status":"closed","ping_status":"closed","template":"elementor_header_footer","meta":{"footnotes":""},"class_list":["post-16226","page","type-page","status-publish","hentry"],"_links":{"self":[{"href":"https:\/\/kulturnifront.hr\/en\/wp-json\/wp\/v2\/pages\/16226","targetHints":{"allow":["GET"]}}],"collection":[{"href":"https:\/\/kulturnifront.hr\/en\/wp-json\/wp\/v2\/pages"}],"about":[{"href":"https:\/\/kulturnifront.hr\/en\/wp-json\/wp\/v2\/types\/page"}],"author":[{"embeddable":true,"href":"https:\/\/kulturnifront.hr\/en\/wp-json\/wp\/v2\/users\/5"}],"replies":[{"embeddable":true,"href":"https:\/\/kulturnifront.hr\/en\/wp-json\/wp\/v2\/comments?post=16226"}],"version-history":[{"count":34,"href":"https:\/\/kulturnifront.hr\/en\/wp-json\/wp\/v2\/pages\/16226\/revisions"}],"predecessor-version":[{"id":18069,"href":"https:\/\/kulturnifront.hr\/en\/wp-json\/wp\/v2\/pages\/16226\/revisions\/18069"}],"wp:attachment":[{"href":"https:\/\/kulturnifront.hr\/en\/wp-json\/wp\/v2\/media?parent=16226"}],"curies":[{"name":"wp","href":"https:\/\/api.w.org\/{rel}","templated":true}]}}