{"id":17061,"date":"2025-03-29T10:40:15","date_gmt":"2025-03-29T09:40:15","guid":{"rendered":"https:\/\/kulturnifront.hr\/?page_id=17061"},"modified":"2025-09-19T06:49:29","modified_gmt":"2025-09-19T04:49:29","slug":"knjizevne-veceri-i-decameron-2020","status":"publish","type":"page","link":"https:\/\/kulturnifront.hr\/en\/knjizevne-veceri-i-decameron-2020\/","title":{"rendered":"Literary Evenings and Decameron 2020"},"content":{"rendered":"<div data-elementor-type=\"wp-page\" data-elementor-id=\"17061\" class=\"elementor elementor-17061\" data-elementor-post-type=\"page\">\n\t\t\t\t<div class=\"elementor-element elementor-element-511060d elementor-hidden-mobile e-flex e-con-boxed e-con e-parent\" data-id=\"511060d\" data-element_type=\"container\" data-settings=\"{&quot;background_background&quot;:&quot;slideshow&quot;,&quot;background_slideshow_gallery&quot;:[{&quot;id&quot;:17071,&quot;url&quot;:&quot;https:\\\/\\\/kulturnifront.hr\\\/wp-content\\\/uploads\\\/2025\\\/03\\\/Header-ostale-stranice-PROJEKTI-Decameron-2020.jpg&quot;}],&quot;background_slideshow_loop&quot;:&quot;yes&quot;,&quot;background_slideshow_slide_duration&quot;:5000,&quot;background_slideshow_slide_transition&quot;:&quot;fade&quot;,&quot;background_slideshow_transition_duration&quot;:500}\">\n\t\t\t\t\t<div class=\"e-con-inner\">\n\t\t<div class=\"elementor-element elementor-element-b7f858f e-con-full e-flex e-con e-child\" data-id=\"b7f858f\" data-element_type=\"container\">\n\t\t\t\t<div class=\"elementor-element elementor-element-70d5932 elementor-widget__width-initial elementor-widget elementor-widget-heading\" data-id=\"70d5932\" data-element_type=\"widget\" data-widget_type=\"heading.default\">\n\t\t\t\t<div class=\"elementor-widget-container\">\n\t\t\t\t\t<h2 class=\"elementor-heading-title elementor-size-default\"><a href=\"https:\/\/kulturnifront.hr\/en\/projekti\/\">\u25c0 \u2047  Back to all projects<\/a><\/h2>\t\t\t\t<\/div>\n\t\t\t\t<\/div>\n\t\t\t\t<div class=\"elementor-element elementor-element-8724068 elementor-widget__width-initial elementor-widget elementor-widget-text-editor\" data-id=\"8724068\" data-element_type=\"widget\" data-widget_type=\"text-editor.default\">\n\t\t\t\t<div class=\"elementor-widget-container\">\n\t\t\t\t\t\t\t\t\t<p>Literary Evenings and Decameron 2020<\/p>\t\t\t\t\t\t\t\t<\/div>\n\t\t\t\t<\/div>\n\t\t\t\t<\/div>\n\t\t\t\t\t<\/div>\n\t\t\t\t<\/div>\n\t\t<div class=\"elementor-element elementor-element-621b141 elementor-hidden-desktop elementor-hidden-tablet e-flex e-con-boxed e-con e-parent\" data-id=\"621b141\" data-element_type=\"container\" data-settings=\"{&quot;background_background&quot;:&quot;classic&quot;}\">\n\t\t\t\t\t<div class=\"e-con-inner\">\n\t\t<div class=\"elementor-element elementor-element-75c9334 e-con-full e-flex e-con e-child\" data-id=\"75c9334\" data-element_type=\"container\">\n\t\t<div class=\"elementor-element elementor-element-c1290ba e-con-full e-flex e-con e-child\" data-id=\"c1290ba\" data-element_type=\"container\">\n\t\t\t\t<div class=\"elementor-element elementor-element-df8630d elementor-widget elementor-widget-heading\" data-id=\"df8630d\" data-element_type=\"widget\" data-widget_type=\"heading.default\">\n\t\t\t\t<div class=\"elementor-widget-container\">\n\t\t\t\t\t<h2 class=\"elementor-heading-title elementor-size-default\"><a href=\"https:\/\/kulturnifront.hr\/en\/projekti\/\">\u25c0 \u2047  Back to all projects<\/a><\/h2>\t\t\t\t<\/div>\n\t\t\t\t<\/div>\n\t\t\t\t<div class=\"elementor-element elementor-element-5c43bb9 elementor-widget elementor-widget-text-editor\" data-id=\"5c43bb9\" data-element_type=\"widget\" data-widget_type=\"text-editor.default\">\n\t\t\t\t<div class=\"elementor-widget-container\">\n\t\t\t\t\t\t\t\t\t<p>Literary Evenings and Decameron 2020<\/p>\t\t\t\t\t\t\t\t<\/div>\n\t\t\t\t<\/div>\n\t\t\t\t<\/div>\n\t\t\t\t<\/div>\n\t\t\t\t\t<\/div>\n\t\t\t\t<\/div>\n\t\t<div class=\"elementor-element elementor-element-4f7772b e-flex e-con-boxed e-con e-parent\" data-id=\"4f7772b\" data-element_type=\"container\" data-settings=\"{&quot;background_background&quot;:&quot;classic&quot;}\">\n\t\t\t\t\t<div class=\"e-con-inner\">\n\t\t<div class=\"elementor-element elementor-element-bac1c29 e-con-full e-flex e-con e-child\" data-id=\"bac1c29\" data-element_type=\"container\" data-settings=\"{&quot;background_background&quot;:&quot;classic&quot;}\">\n\t\t\t\t<div class=\"elementor-element elementor-element-9b4198d elementor-widget__width-initial elementor-widget elementor-widget-text-editor\" data-id=\"9b4198d\" data-element_type=\"widget\" data-widget_type=\"text-editor.default\">\n\t\t\t\t<div class=\"elementor-widget-container\">\n\t\t\t\t\t\t\t\t\t<p>While everyone was sleeping during the pandemic, the association focused a little more on reading and books. Not only was a literary club launched at that time, but some authors had the opportunity to present themselves as part of the project <strong>the Literary Evenings<\/strong>, and for the first time the CF officially published a book in its circulation \u2013 it was a collection of stories \u2019<strong>Decameron 2020 \u2013 Quarantine stories<\/strong>\u2019<\/p>\t\t\t\t\t\t\t\t<\/div>\n\t\t\t\t<\/div>\n\t\t\t\t<\/div>\n\t\t<div class=\"elementor-element elementor-element-27a0460 e-con-full e-flex e-con e-child\" data-id=\"27a0460\" data-element_type=\"container\">\n\t\t\t\t<div class=\"elementor-element elementor-element-cc843ce elementor-widget__width-initial elementor-widget elementor-widget-image\" data-id=\"cc843ce\" data-element_type=\"widget\" data-widget_type=\"image.default\">\n\t\t\t\t<div class=\"elementor-widget-container\">\n\t\t\t\t\t\t\t\t\t\t\t\t\t\t\t\t<a href=\"#elementor-action%3Aaction%3Dlightbox%26settings%3DeyJ1cmwiOiJodHRwczpcL1wva3VsdHVybmlmcm9udC5oclwvd3AtY29udGVudFwvdXBsb2Fkc1wvMjAyNVwvMDNcL1ZlcHJpbmFjLUdob3N0LVRvdXIuanBlZyIsInR5cGUiOiJpbWFnZSIsInRpdGxlIjoiVmVwcmluYWMgR2hvc3QgVG91ciJ9\">\n\t\t\t\t\t\t\t<img fetchpriority=\"high\" decoding=\"async\" width=\"700\" height=\"786\" src=\"https:\/\/kulturnifront.hr\/wp-content\/uploads\/2025\/03\/Decameron-2020.jpg\" class=\"attachment-full size-full wp-image-17063\" alt=\"\" srcset=\"https:\/\/kulturnifront.hr\/wp-content\/uploads\/2025\/03\/Decameron-2020.jpg 700w, https:\/\/kulturnifront.hr\/wp-content\/uploads\/2025\/03\/Decameron-2020-267x300.jpg 267w, https:\/\/kulturnifront.hr\/wp-content\/uploads\/2025\/03\/Decameron-2020-11x12.jpg 11w\" sizes=\"(max-width: 700px) 100vw, 700px\" \/>\t\t\t\t\t\t\t\t<\/a>\n\t\t\t\t\t\t\t\t\t\t\t\t\t\t\t<\/div>\n\t\t\t\t<\/div>\n\t\t\t\t<\/div>\n\t\t\t\t\t<\/div>\n\t\t\t\t<\/div>\n\t\t<div class=\"elementor-element elementor-element-f2dd9b3 e-flex e-con-boxed e-con e-parent\" data-id=\"f2dd9b3\" data-element_type=\"container\">\n\t\t\t\t\t<div class=\"e-con-inner\">\n\t\t<div class=\"elementor-element elementor-element-2126d1c e-con-full e-flex e-con e-child\" data-id=\"2126d1c\" data-element_type=\"container\">\n\t\t\t\t<div class=\"elementor-element elementor-element-8186e6e elementor-widget__width-initial elementor-widget elementor-widget-image\" data-id=\"8186e6e\" data-element_type=\"widget\" data-widget_type=\"image.default\">\n\t\t\t\t<div class=\"elementor-widget-container\">\n\t\t\t\t\t\t\t\t\t\t\t\t\t\t\t\t<a href=\"#elementor-action%3Aaction%3Dlightbox%26settings%3DeyJ1cmwiOiJodHRwczpcL1wva3VsdHVybmlmcm9udC5oclwvd3AtY29udGVudFwvdXBsb2Fkc1wvMjAyNVwvMDNcL0tuaml6ZXZuZS12ZWNlcmktMS5qcGciLCJ0eXBlIjoiaW1hZ2UifQ%3D%3D\">\n\t\t\t\t\t\t\t<img decoding=\"async\" width=\"1000\" height=\"722\" src=\"https:\/\/kulturnifront.hr\/wp-content\/uploads\/2025\/03\/Knjizevne-veceri-1.jpg\" class=\"attachment-full size-full wp-image-17068\" alt=\"\" srcset=\"https:\/\/kulturnifront.hr\/wp-content\/uploads\/2025\/03\/Knjizevne-veceri-1.jpg 1000w, https:\/\/kulturnifront.hr\/wp-content\/uploads\/2025\/03\/Knjizevne-veceri-1-300x217.jpg 300w, https:\/\/kulturnifront.hr\/wp-content\/uploads\/2025\/03\/Knjizevne-veceri-1-768x554.jpg 768w, https:\/\/kulturnifront.hr\/wp-content\/uploads\/2025\/03\/Knjizevne-veceri-1-18x12.jpg 18w\" sizes=\"(max-width: 1000px) 100vw, 1000px\" \/>\t\t\t\t\t\t\t\t<\/a>\n\t\t\t\t\t\t\t\t\t\t\t\t\t\t\t<\/div>\n\t\t\t\t<\/div>\n\t\t\t\t<\/div>\n\t\t<div class=\"elementor-element elementor-element-54f9871 e-con-full e-flex e-con e-child\" data-id=\"54f9871\" data-element_type=\"container\">\n\t\t\t\t<div class=\"elementor-element elementor-element-fb4350c elementor-widget elementor-widget-text-editor\" data-id=\"fb4350c\" data-element_type=\"widget\" data-widget_type=\"text-editor.default\">\n\t\t\t\t<div class=\"elementor-widget-container\">\n\t\t\t\t\t\t\t\t\t<p>The project of literary evenings in the Cultural Front was launched with the aim of presenting young and unestablished local authors to Opatija and a wider audience. Genre was primarily represented by fantasy and SF, but also other novelties in some way related to the problems of young people. These were modest events in the living room of the CF, but they would often be filmed, after which the footage would remain on the <a href=\"https:\/\/www.youtube.com\/@udrugakulturnifront4935\/streams\">the Youtube Channel<\/a>.<br \/>The local audience was introduced by the Zagreb author Mateja Klemen\u010di\u0107 with her autobiographical book Fitness and Wafers, which encourages a healthy attitude towards food and exercise. On the other hand, Rijeka writer Igor Rendi\u0107 promoted his urban fantasy novel A Town Called River, located in Rijeka.<\/p>\t\t\t\t\t\t\t\t<\/div>\n\t\t\t\t<\/div>\n\t\t\t\t<\/div>\n\t\t\t\t\t<\/div>\n\t\t\t\t<\/div>\n\t\t<div class=\"elementor-element elementor-element-44c5cc7 e-flex e-con-boxed e-con e-parent\" data-id=\"44c5cc7\" data-element_type=\"container\">\n\t\t\t\t\t<div class=\"e-con-inner\">\n\t\t<div class=\"elementor-element elementor-element-85f0e8b e-con-full e-flex e-con e-child\" data-id=\"85f0e8b\" data-element_type=\"container\">\n\t\t\t\t<div class=\"elementor-element elementor-element-02183a3 elementor-widget elementor-widget-text-editor\" data-id=\"02183a3\" data-element_type=\"widget\" data-widget_type=\"text-editor.default\">\n\t\t\t\t<div class=\"elementor-widget-container\">\n\t\t\t\t\t\t\t\t\t<div>\u00a0<\/div><p>In parallel with the promotions, book club of fantastic literature took place, mostly in online form due to the conditions of the pandemic, so the Fifth Age by N. K. Jemisin, Another wonderful myth by Asprin, Hurin's children by J. R. R. Tolkien, Limits of Eternity by L. M. Bujold, Mine Eggs by M. Bulgakov, Artemis by Andy Weir and others...<\/p><p>The most visited promotion was certainly that of the Decameron 2020 literary collection. On that occasion, the authors of the stories that entered the collection gathered, and the presentation was led by editors Vesna Kurili\u0107, Antonija Me\u017enari\u0107 and Ana Cerovac. It was also the first officially published book by the Cultural Front Association. The stories were written during the Spring Lockdown 2020 as part of an online literary event. As the initiative started from a community of fantasy lovers, within which it expanded the most, stories with elements of speculative fiction prevailed. More than 140 authors from all over Croatia participated. The collection captured and preserved the authentic spirit of the pandemic at its very beginning and was published in electronic form in the same year. With its printed edition, Kulturni front completed this project and distributed it to authors and city libraries throughout Croatia.<\/p>\t\t\t\t\t\t\t\t<\/div>\n\t\t\t\t<\/div>\n\t\t\t\t<div class=\"elementor-element elementor-element-7e81960 elementor-widget elementor-widget-button\" data-id=\"7e81960\" data-element_type=\"widget\" data-widget_type=\"button.default\">\n\t\t\t\t<div class=\"elementor-widget-container\">\n\t\t\t\t\t\t\t\t\t<div class=\"elementor-button-wrapper\">\n\t\t\t\t\t<a class=\"elementor-button elementor-button-link elementor-size-sm\" href=\"https:\/\/decameron2020price.wordpress.com\/\">\n\t\t\t\t\t\t<span class=\"elementor-button-content-wrapper\">\n\t\t\t\t\t\t\t\t\t<span class=\"elementor-button-text\">OFFICIAL WEB SITE OF THE PROJECT<\/span>\n\t\t\t\t\t<\/span>\n\t\t\t\t\t<\/a>\n\t\t\t\t<\/div>\n\t\t\t\t\t\t\t\t<\/div>\n\t\t\t\t<\/div>\n\t\t\t\t<\/div>\n\t\t<div class=\"elementor-element elementor-element-14a6f77 e-con-full e-flex e-con e-child\" data-id=\"14a6f77\" data-element_type=\"container\">\n\t\t\t\t<div class=\"elementor-element elementor-element-1375256 elementor-widget elementor-widget-image\" data-id=\"1375256\" data-element_type=\"widget\" data-widget_type=\"image.default\">\n\t\t\t\t<div class=\"elementor-widget-container\">\n\t\t\t\t\t\t\t\t\t\t\t\t\t\t\t\t<a href=\"#elementor-action%3Aaction%3Dlightbox%26settings%3DeyJ1cmwiOiJodHRwczpcL1wva3VsdHVybmlmcm9udC5oclwvd3AtY29udGVudFwvdXBsb2Fkc1wvMjAyNVwvMDNcL0xvdnJhbi1rcmlqdW1jYXJpLWktZ3VzYXJpLmpwZyIsInR5cGUiOiJpbWFnZSIsInRpdGxlIjoiTG92cmFuIC0ga3JpanVtY2FyaSBpIGd1c2FyaSJ9\">\n\t\t\t\t\t\t\t<img decoding=\"async\" width=\"700\" height=\"917\" src=\"https:\/\/kulturnifront.hr\/wp-content\/uploads\/2025\/03\/Knjizevne-veceri-2.jpg\" class=\"attachment-full size-full wp-image-17069\" alt=\"\" srcset=\"https:\/\/kulturnifront.hr\/wp-content\/uploads\/2025\/03\/Knjizevne-veceri-2.jpg 700w, https:\/\/kulturnifront.hr\/wp-content\/uploads\/2025\/03\/Knjizevne-veceri-2-229x300.jpg 229w, https:\/\/kulturnifront.hr\/wp-content\/uploads\/2025\/03\/Knjizevne-veceri-2-9x12.jpg 9w\" sizes=\"(max-width: 700px) 100vw, 700px\" \/>\t\t\t\t\t\t\t\t<\/a>\n\t\t\t\t\t\t\t\t\t\t\t\t\t\t\t<\/div>\n\t\t\t\t<\/div>\n\t\t\t\t<div class=\"elementor-element elementor-element-6b212cb elementor-widget elementor-widget-image\" data-id=\"6b212cb\" data-element_type=\"widget\" data-widget_type=\"image.default\">\n\t\t\t\t<div class=\"elementor-widget-container\">\n\t\t\t\t\t\t\t\t\t\t\t\t\t\t\t\t<a href=\"#elementor-action%3Aaction%3Dlightbox%26settings%3DeyJ1cmwiOiJodHRwczpcL1wva3VsdHVybmlmcm9udC5oclwvd3AtY29udGVudFwvdXBsb2Fkc1wvMjAyNVwvMDNcL0xvdnJhbi1rcmlqdW1jYXJpLWktZ3VzYXJpLmpwZyIsInR5cGUiOiJpbWFnZSIsInRpdGxlIjoiTG92cmFuIC0ga3JpanVtY2FyaSBpIGd1c2FyaSJ9\">\n\t\t\t\t\t\t\t<img loading=\"lazy\" decoding=\"async\" width=\"1000\" height=\"718\" src=\"https:\/\/kulturnifront.hr\/wp-content\/uploads\/2025\/03\/Knjizevne-veceri-3.jpg\" class=\"attachment-full size-full wp-image-17070\" alt=\"\" srcset=\"https:\/\/kulturnifront.hr\/wp-content\/uploads\/2025\/03\/Knjizevne-veceri-3.jpg 1000w, https:\/\/kulturnifront.hr\/wp-content\/uploads\/2025\/03\/Knjizevne-veceri-3-300x215.jpg 300w, https:\/\/kulturnifront.hr\/wp-content\/uploads\/2025\/03\/Knjizevne-veceri-3-768x551.jpg 768w, https:\/\/kulturnifront.hr\/wp-content\/uploads\/2025\/03\/Knjizevne-veceri-3-18x12.jpg 18w\" sizes=\"(max-width: 1000px) 100vw, 1000px\" \/>\t\t\t\t\t\t\t\t<\/a>\n\t\t\t\t\t\t\t\t\t\t\t\t\t\t\t<\/div>\n\t\t\t\t<\/div>\n\t\t\t\t<\/div>\n\t\t\t\t\t<\/div>\n\t\t\t\t<\/div>\n\t\t<div class=\"elementor-element elementor-element-ae81d05 e-flex e-con-boxed e-con e-parent\" data-id=\"ae81d05\" data-element_type=\"container\">\n\t\t\t\t\t<div class=\"e-con-inner\">\n\t\t<div class=\"elementor-element elementor-element-db17871 e-con-full e-flex e-con e-child\" data-id=\"db17871\" data-element_type=\"container\">\n\t\t\t\t<div class=\"elementor-element elementor-element-141c1ec elementor-widget elementor-widget-heading\" data-id=\"141c1ec\" data-element_type=\"widget\" data-widget_type=\"heading.default\">\n\t\t\t\t<div class=\"elementor-widget-container\">\n\t\t\t\t\t<h2 class=\"elementor-heading-title elementor-size-default\"><a href=\"https:\/\/kulturnifront.hr\/en\/projekti\/\">\u25c0 \u2047  Back to all projects<\/a><\/h2>\t\t\t\t<\/div>\n\t\t\t\t<\/div>\n\t\t\t\t<\/div>\n\t\t\t\t\t<\/div>\n\t\t\t\t<\/div>\n\t\t\t\t<\/div>","protected":false},"excerpt":{"rendered":"<p>Back to all Literary Evenings and Decameron 2020 projects Back to all Literary Evenings and Decameron 2020 projects While everything was asleep during the pandemic, the association focused a little more on reading and books. Not only was a book club launched at the time, but some authors also had the opportunity to present themselves in [...]<\/p>","protected":false},"author":1,"featured_media":0,"parent":0,"menu_order":0,"comment_status":"closed","ping_status":"closed","template":"elementor_header_footer","meta":{"footnotes":""},"class_list":["post-17061","page","type-page","status-publish","hentry"],"_links":{"self":[{"href":"https:\/\/kulturnifront.hr\/en\/wp-json\/wp\/v2\/pages\/17061","targetHints":{"allow":["GET"]}}],"collection":[{"href":"https:\/\/kulturnifront.hr\/en\/wp-json\/wp\/v2\/pages"}],"about":[{"href":"https:\/\/kulturnifront.hr\/en\/wp-json\/wp\/v2\/types\/page"}],"author":[{"embeddable":true,"href":"https:\/\/kulturnifront.hr\/en\/wp-json\/wp\/v2\/users\/1"}],"replies":[{"embeddable":true,"href":"https:\/\/kulturnifront.hr\/en\/wp-json\/wp\/v2\/comments?post=17061"}],"version-history":[{"count":10,"href":"https:\/\/kulturnifront.hr\/en\/wp-json\/wp\/v2\/pages\/17061\/revisions"}],"predecessor-version":[{"id":18072,"href":"https:\/\/kulturnifront.hr\/en\/wp-json\/wp\/v2\/pages\/17061\/revisions\/18072"}],"wp:attachment":[{"href":"https:\/\/kulturnifront.hr\/en\/wp-json\/wp\/v2\/media?parent=17061"}],"curies":[{"name":"wp","href":"https:\/\/api.w.org\/{rel}","templated":true}]}}